{"id":10,"date":"2024-08-06T10:49:05","date_gmt":"2024-08-06T10:49:05","guid":{"rendered":"https:\/\/ravintolanova.fi\/?page_id=10"},"modified":"2025-07-12T10:03:22","modified_gmt":"2025-07-12T10:03:22","slug":"home","status":"publish","type":"page","link":"https:\/\/ravintolanova.fi\/","title":{"rendered":"Etusivu"},"content":{"rendered":"\n<figure class=\"wp-block-image size-large\"><img loading=\"lazy\" decoding=\"async\" width=\"1024\" height=\"455\" src=\"https:\/\/ravintolanova.fi\/wp-content\/uploads\/2024\/08\/Ravintolakapak-1-1024x455.png\" alt=\"\" class=\"wp-image-45\" srcset=\"https:\/\/ravintolanova.fi\/wp-content\/uploads\/2024\/08\/Ravintolakapak-1-1024x455.png 1024w, https:\/\/ravintolanova.fi\/wp-content\/uploads\/2024\/08\/Ravintolakapak-1-300x133.png 300w, https:\/\/ravintolanova.fi\/wp-content\/uploads\/2024\/08\/Ravintolakapak-1-768x341.png 768w, https:\/\/ravintolanova.fi\/wp-content\/uploads\/2024\/08\/Ravintolakapak-1-1536x682.png 1536w, https:\/\/ravintolanova.fi\/wp-content\/uploads\/2024\/08\/Ravintolakapak-1.png 1990w\" sizes=\"(max-width: 1024px) 100vw, 1024px\" \/><\/figure>\n\n\n\n<span class=\"glf-button\" data-glf-cuid=\"09924af3-329e-4d5c-a294-bdb1903eb95d\" data-glf-ruid=\"251eec8c-26ce-47cc-a733-2f80b0fb7535\" >N\u00c4YT\u00c4 RUOKALISTA JA TILAA!<\/span>\n<script src=\"https:\/\/www.fbgcdn.com\/embedder\/js\/ewm2.js\" defer async ><\/script>\n\n\n\n<p class=\"has-text-align-left\"><strong>Viel\u00e4 on kes\u00e4\u00e4 j\u00e4ljell\u00e4!<\/strong><\/p>\n\n\n\n<p><\/p>\n\n\n\n<p>Ja mik\u00e4 olisikaan parempi paikka nauttia l\u00e4mm\u00f6st\u00e4 kuin mukava terassi, hyv\u00e4\u00e4 ruokaa ja juomaa! \u2600\ufe0f\ud83c\udf7b\ud83c\udf55<\/p>\n\n\n\n<p>Ravintola Novan viihtyis\u00e4ll\u00e4 terassilla voit ottaa ilon irti viimeisist\u00e4kin kes\u00e4 p\u00e4ivist\u00e4. Kuulithan jo, ett\u00e4 meill\u00e4 on nyt my\u00f6s A oikeudet\ud83e\udd42\ud83c\udf7e<br>Laajasta valikoimastamme l\u00f6yd\u00e4t varmasti omat suosikkisi! \ud83c\udf79\ud83c\udf79\ud83c\udf79<\/p>\n\n\n\n<p><\/p>\n\n\n\n<p><\/p>\n\n\n\n<p><\/p>\n\n\n\n<p class=\"has-text-align-left\">Tervetuloa! \ud83e\udd29\ud83e\udd29<\/p>\n\n\n\n<p><\/p>\n\n\n\n<span class=\"glf-button\" data-glf-cuid=\"09924af3-329e-4d5c-a294-bdb1903eb95d\" data-glf-ruid=\"251eec8c-26ce-47cc-a733-2f80b0fb7535\" >N\u00c4YT\u00c4 RUOKALISTA JA TILAA!<\/span>\n<script src=\"https:\/\/www.fbgcdn.com\/embedder\/js\/ewm2.js\" defer async ><\/script>\n\n\n\n<p><\/p>\n\n\n\n<p><\/p>\n\n\n\n<p class=\"has-text-align-left\"><strong>ONNELLISTA AIKA JOKA P\u00c4IV\u00c4<\/strong><\/p>\n\n\n\n<p class=\"has-text-align-left\">Olemme ylpeit\u00e4 tarjotessamme herkullisia pizzoja ja kebabeja tuoreista ja laadukkaista raaka-aineista. Meid\u00e4n tavoitteemme on tarjota asiakkaillemme unohtumattomia makuel\u00e4myksi\u00e4 ja erinomaista palvelua. Tervetuloa nauttimaan ruoasta ja rennosta ilmapiirist\u00e4mme!<\/p>\n\n\n\n<p><\/p>\n\n\n\n<figure class=\"wp-block-gallery has-nested-images columns-default is-cropped wp-block-gallery-1 is-layout-flex wp-block-gallery-is-layout-flex\">\n<figure class=\"wp-block-image size-full\"><img loading=\"lazy\" decoding=\"async\" width=\"1000\" height=\"787\" data-id=\"116\" src=\"https:\/\/ravintolanova.fi\/wp-content\/uploads\/2024\/08\/Pizzeria_RavintolaNova_1.png\" alt=\"\" class=\"wp-image-116\" srcset=\"https:\/\/ravintolanova.fi\/wp-content\/uploads\/2024\/08\/Pizzeria_RavintolaNova_1.png 1000w, https:\/\/ravintolanova.fi\/wp-content\/uploads\/2024\/08\/Pizzeria_RavintolaNova_1-300x236.png 300w, https:\/\/ravintolanova.fi\/wp-content\/uploads\/2024\/08\/Pizzeria_RavintolaNova_1-768x604.png 768w\" sizes=\"(max-width: 1000px) 100vw, 1000px\" \/><\/figure>\n<\/figure>\n\n\n\n<p class=\"has-text-align-left\"><strong>Pizzat <\/strong><\/p>\n\n\n\n<p class=\"has-text-align-left\"><strong>Laaja valikoima herkullisia pizzoja<\/strong><\/p>\n\n\n\n<p class=\"has-text-align-left\">Meid\u00e4n pizzamme ovat tunnettuja herkullisesta maustaan ja tuoreista t\u00e4ytteist\u00e4\u00e4n. Tarjoamme laajan valikoiman erilaisia pizzoja, jotka tyydytt\u00e4v\u00e4t kaikki makumieltymykset.<\/p>\n\n\n\n<p><\/p>\n\n\n\n<p class=\"has-text-align-left\"><strong>L\u00f6yd\u00e4t valikoimastamme varmasti mieleisesi pizzan!<\/strong><\/p>\n\n\n\n<p><\/p>\n\n\n\n<span class=\"glf-button\" data-glf-cuid=\"09924af3-329e-4d5c-a294-bdb1903eb95d\" data-glf-ruid=\"251eec8c-26ce-47cc-a733-2f80b0fb7535\" >N\u00c4YT\u00c4 RUOKALISTA JA TILAA!<\/span>\n<script src=\"https:\/\/www.fbgcdn.com\/embedder\/js\/ewm2.js\" defer async ><\/script>\n\n\n\n<p><\/p>\n\n\n\n<p><\/p>\n\n\n\n<p><\/p>\n\n\n\n<p><\/p>\n\n\n\n<p><\/p>\n\n\n\n<p><\/p>\n\n\n\n<figure class=\"wp-block-gallery has-nested-images columns-3 is-cropped wp-block-gallery-2 is-layout-flex wp-block-gallery-is-layout-flex\">\n<figure class=\"wp-block-image size-full\"><img loading=\"lazy\" decoding=\"async\" width=\"800\" height=\"800\" data-id=\"118\" src=\"https:\/\/ravintolanova.fi\/wp-content\/uploads\/2024\/08\/Pizzeria_RavintolaNova_1-800-x-800-piksel.png\" alt=\"\" class=\"wp-image-118\" srcset=\"https:\/\/ravintolanova.fi\/wp-content\/uploads\/2024\/08\/Pizzeria_RavintolaNova_1-800-x-800-piksel.png 800w, https:\/\/ravintolanova.fi\/wp-content\/uploads\/2024\/08\/Pizzeria_RavintolaNova_1-800-x-800-piksel-300x300.png 300w, https:\/\/ravintolanova.fi\/wp-content\/uploads\/2024\/08\/Pizzeria_RavintolaNova_1-800-x-800-piksel-150x150.png 150w, https:\/\/ravintolanova.fi\/wp-content\/uploads\/2024\/08\/Pizzeria_RavintolaNova_1-800-x-800-piksel-768x768.png 768w, https:\/\/ravintolanova.fi\/wp-content\/uploads\/2024\/08\/Pizzeria_RavintolaNova_1-800-x-800-piksel-600x600.png 600w\" sizes=\"(max-width: 800px) 100vw, 800px\" \/><\/figure>\n\n\n\n<figure class=\"wp-block-image size-full\"><img loading=\"lazy\" decoding=\"async\" width=\"800\" height=\"800\" data-id=\"120\" src=\"https:\/\/ravintolanova.fi\/wp-content\/uploads\/2024\/08\/2.png\" alt=\"\" class=\"wp-image-120\" srcset=\"https:\/\/ravintolanova.fi\/wp-content\/uploads\/2024\/08\/2.png 800w, https:\/\/ravintolanova.fi\/wp-content\/uploads\/2024\/08\/2-300x300.png 300w, https:\/\/ravintolanova.fi\/wp-content\/uploads\/2024\/08\/2-150x150.png 150w, https:\/\/ravintolanova.fi\/wp-content\/uploads\/2024\/08\/2-768x768.png 768w, https:\/\/ravintolanova.fi\/wp-content\/uploads\/2024\/08\/2-600x600.png 600w\" sizes=\"(max-width: 800px) 100vw, 800px\" \/><\/figure>\n<\/figure>\n\n\n\n<p><strong>Kebabit<\/strong><\/p>\n\n\n\n<p><strong>Maukkaita kebabeja jokaiseen makuun<\/strong><\/p>\n\n\n\n<p><\/p>\n\n\n\n<p>Kebab-annoksemme valmistetaan perinteisell\u00e4 tavalla ja tarjoillaan herkullisten lisukkeiden kera. Meilt\u00e4 l\u00f6yd\u00e4t sek\u00e4 perinteiset ett\u00e4 modernit kebab-vaihtoehdot.<\/p>\n\n\n\n<p><strong>Tilaa nyt ja nauti herkullisista kebabeistamme!<\/strong><\/p>\n\n\n\n<figure class=\"wp-block-image size-full is-resized\"><img loading=\"lazy\" decoding=\"async\" width=\"680\" height=\"239\" src=\"https:\/\/ravintolanova.fi\/wp-content\/uploads\/2024\/08\/Ravintola.png\" alt=\"\" class=\"wp-image-126\" style=\"width:1140px;height:auto\" srcset=\"https:\/\/ravintolanova.fi\/wp-content\/uploads\/2024\/08\/Ravintola.png 680w, https:\/\/ravintolanova.fi\/wp-content\/uploads\/2024\/08\/Ravintola-300x105.png 300w\" sizes=\"(max-width: 680px) 100vw, 680px\" \/><\/figure>\n\n\n\n<p><\/p>\n\n\n\n<p><strong>Meist\u00e4<\/strong><\/p>\n\n\n\n<p><strong>Rakkaudesta ruokaan<\/strong><\/p>\n\n\n\n<p><\/p>\n\n\n\n<p>Ravintola Nova on perustettu rakkaudesta hyv\u00e4\u00e4n ruokaan ja asiakaspalveluun. Haluamme tarjota asiakkaillemme paitsi herkullista ruokaa my\u00f6s viihtyis\u00e4n ymp\u00e4rist\u00f6n, jossa nauttia siit\u00e4. K\u00e4yt\u00e4mme vain parhaita raaka-aineita ja panostamme ruoan laatuun.<\/p>\n\n\n\n<div class=\"wp-block-ive-google-map alignundefined ive_google_map_5bb298-9a\"><div id=\"overlay\" style=\"cursor:pointer\"><\/div><div class=\"ive-google-map__wrap\" id=\"ive-google-map-5e5bb298-9a00-4de8-b71f-9c165fce4331\"><iframe class=\"ive-google-map__iframe\" src=\"https:\/\/maps.google.com\/maps?q=Ravintola%20Nova%2C%20Suurpellontie%202%2C%20Koskenyl%C3%A4b%20Saha%2C%2007700%20LOVIISA&amp;t=&amp;z=12&amp;ie=UTF8&amp;iwloc=&amp;output=embed\" style=\"height:300px;width:100%;opacity:1\"><\/iframe><\/div><\/div>\n\n\n\n<p>Ravintola Nova<\/p>\n\n\n\n<p>Suurpellontie 2, Koskenyl\u00e4 Saha, 07700 LOVIISA<\/p>\n\n\n\n<p class=\"has-text-align-center\">\u00a92024 Ravintola Nova<\/p>\n","protected":false},"excerpt":{"rendered":"<p>N\u00c4YT\u00c4 RUOKALISTA JA TILAA! Viel\u00e4 on kes\u00e4\u00e4 j\u00e4ljell\u00e4! Ja mik\u00e4 olisikaan parempi paikka nauttia l\u00e4mm\u00f6st\u00e4 kuin mukava terassi, hyv\u00e4\u00e4 ruokaa ja juomaa! \u2600\ufe0f\ud83c\udf7b\ud83c\udf55 Ravintola Novan viihtyis\u00e4ll\u00e4 terassilla voit ottaa ilon irti viimeisist\u00e4kin kes\u00e4 p\u00e4ivist\u00e4. Kuulithan jo, ett\u00e4 meill\u00e4 on nyt my\u00f6s A oikeudet\ud83e\udd42\ud83c\udf7eLaajasta valikoimastamme l\u00f6yd\u00e4t varmasti omat suosikkisi! \ud83c\udf79\ud83c\udf79\ud83c\udf79 Tervetuloa! \ud83e\udd29\ud83e\udd29 N\u00c4YT\u00c4 RUOKALISTA JA TILAA! [&hellip;]<\/p>\n","protected":false},"author":1,"featured_media":0,"parent":0,"menu_order":0,"comment_status":"closed","ping_status":"closed","template":"page-template\/home-page.php","meta":{"_regular_price":[],"currency_symbol":[],"footnotes":""},"class_list":["post-10","page","type-page","status-publish","hentry"],"post_slider_layout_featured_media_urls":{"thumbnail":"","post_slider_layout_landscape_large":"","post_slider_layout_portrait_large":"","post_slider_layout_square_large":"","post_slider_layout_landscape":"","post_slider_layout_portrait":"","post_slider_layout_square":"","full":""},"_links":{"self":[{"href":"https:\/\/ravintolanova.fi\/index.php\/wp-json\/wp\/v2\/pages\/10"}],"collection":[{"href":"https:\/\/ravintolanova.fi\/index.php\/wp-json\/wp\/v2\/pages"}],"about":[{"href":"https:\/\/ravintolanova.fi\/index.php\/wp-json\/wp\/v2\/types\/page"}],"author":[{"embeddable":true,"href":"https:\/\/ravintolanova.fi\/index.php\/wp-json\/wp\/v2\/users\/1"}],"replies":[{"embeddable":true,"href":"https:\/\/ravintolanova.fi\/index.php\/wp-json\/wp\/v2\/comments?post=10"}],"version-history":[{"count":54,"href":"https:\/\/ravintolanova.fi\/index.php\/wp-json\/wp\/v2\/pages\/10\/revisions"}],"predecessor-version":[{"id":142,"href":"https:\/\/ravintolanova.fi\/index.php\/wp-json\/wp\/v2\/pages\/10\/revisions\/142"}],"wp:attachment":[{"href":"https:\/\/ravintolanova.fi\/index.php\/wp-json\/wp\/v2\/media?parent=10"}],"curies":[{"name":"wp","href":"https:\/\/api.w.org\/{rel}","templated":true}]}}